{"id":15257,"date":"2024-05-18T11:31:59","date_gmt":"2024-05-18T09:31:59","guid":{"rendered":"https:\/\/aquadea-natur.de\/shop\/polvo-de-roca-de-granito-con-calcio-gp6-micronizado-extremadamente-fino-6-%ce%bcm\/"},"modified":"2025-01-01T23:09:18","modified_gmt":"2025-01-01T22:09:18","slug":"polvo-de-roca-de-granito-con-calcio-gp6-micronizado-extremadamente-fino-6-%ce%bcm","status":"publish","type":"product","link":"https:\/\/aquadea-natur.de\/es\/shop\/polvo-de-roca-de-granito-con-calcio-gp6-micronizado-extremadamente-fino-6-%ce%bcm\/","title":{"rendered":"Polvo de roca de granito con calcio GP6 &#8211; micronizado extremadamente fino 6 \u03bcm"},"content":{"rendered":"<h2>Polvo de piedra de granito micronizado con calcio.<\/h2>\n<p><strong>Finura:<\/strong> Di\u00e1metro medio inferior a 6 \u03bcm.<br \/>\nProducido mediante un complejo proceso de molienda por chorro de aire que no libera ninguna sustancia extra\u00f1a.<br \/>\nGracias a la tecnolog\u00eda especial de molienda por chorro de aire, ha sido posible moler el granito tan finamente que los granos se trituran hasta alcanzar casi el tama\u00f1o de una bacteria.<br \/>\nGracias a la f\u00f3rmula de granito y piedra caliza sedimentaria y a la molienda extremadamente fina (micronizaci\u00f3n), se ha creado un producto altamente eficaz.<br \/>\n1 g de polvo tiene una superficie de 120 m\u00b3 | valor ph; 10,2 1 cent\u00edmetro c\u00fabico de este polvo de roca pesa aprox. 625 g. PU: saco de 25 kg <strong>Ideal para:<\/strong>    <\/p>\n<ul>\n<li>Fortalecimiento de las plantas<\/li>\n<li>Comida para mascotas<\/li>\n<li>Aditivo para camas<\/li>\n<li>Adici\u00f3n al abono<\/li>\n<li>A\u00f1adir al agua de riego (las cantidades m\u00e1s peque\u00f1as son suficientes: 10-50g \/ 1000 litros)<\/li>\n<li>Polvo para cascos: se utiliza para un cuidado eficaz en caso de problemas relacionados con la humedad, como la candidiasis y la fiebre del barro.<br \/>\nEl polvo superfino de roca de granito-calcio act\u00faa como una gran cantidad de esponjas microsc\u00f3picas y absorbe el exceso de humedad y las sustancias nocivas sin resecar el casco o la cuartilla en s\u00ed. <\/li>\n<\/ul>\n<h3>Informaci\u00f3n sobre granito y polvo de granito:<\/h3>\n<p><strong>Resumen de los ingredientes.<\/strong> Los granitos (del lat\u00edn granum, &#8220;grano&#8221;) son rocas magm\u00e1ticas profundas<a href=\"https:\/\/www.chemie-schule.de\/KnowHow\/Plutonit\" target=\"_blank\" rel=\"noopener\">(plutonitas<\/a>) masivas y relativamente groseramente cristalinas, ricas en cuarzo y feldespato, pero que tambi\u00e9n contienen minerales oscuros como la mica.<br \/>\nEl dicho &#8220;Feldespato, cuarzo y mica, nunca me olvidar\u00e9 de los tres&#8221; resume la composici\u00f3n del granito.<br \/>\nEl granito corresponde a la riolita volc\u00e1nica en cuanto a su composici\u00f3n qu\u00edmica y mineral\u00f3gica.<br \/>\nGranitoide es un t\u00e9rmino general para designar las rocas \u00edgneas que tienen el aspecto claro y de grano grueso de los granitos.<br \/>\nSeg\u00fan la definici\u00f3n, el grupo de los granitos incluye rocas magm\u00e1ticas profundas granulares con un contenido en cuarzo superior al 20% pero inferior al 60%, dos feldespatos diferentes, as\u00ed como mica y minerales accesorios (como hornblenda, piroxeno, clorita, epidota, zoisita, prehnita, calcita, turmalina, granate, zeolitas, fluorita y talco).<br \/>\nPr\u00e1cticamente los 81 elementos de la tabla peri\u00f3dica est\u00e1n representados en el granito, pero muchas sustancias s\u00f3lo est\u00e1n presentes en trazas diminutas.<br \/>\nComo oligoelemento.<br \/>\nLa eficacia se consigue moliendo el polvo de granito hasta una finura de unos 3 a 7 micr\u00f3metros.<br \/>\nMenos a trav\u00e9s de los ingredientes exactos. <strong>El polvo de granito contiene aprox. un 70 % de granito suizo triturado y aprox. un 30 % de caliza sedimentaria<\/strong><strong>:<\/strong><strong>\u00e9sta se compone principalmente de calcio y magnesio en una proporci\u00f3n de aprox. 10 : 1<\/strong>: Feldespato, cuarzo y mica.<br \/>\nContiene trazas de un gran n\u00famero de elementos de la tabla peri\u00f3dica en cantidades inocuas o \u00fatiles. <strong>Generalidades \/ Formaci\u00f3n<\/strong> Los granitos se forman por la solidificaci\u00f3n de roca fundida (magma) dentro de la corteza terrestre, normalmente a una profundidad de m\u00e1s de 2 kil\u00f3metros por debajo de la superficie terrestre.<br \/>\nEsto contrasta con las rocas volc\u00e1nicas, en las que el magma penetra hasta la superficie terrestre.<br \/>\nEl granito es, por tanto, una roca profunda (t\u00e9rmino t\u00e9cnico: plutonita).<br \/>\nLas rocas que se solidifican muy cerca de la superficie terrestre (a menos de 2 km) se denominan rocas subvolc\u00e1nicas, magmatitas de transici\u00f3n o rocas ganga.<br \/>\nEn la mayor\u00eda de los casos, los granitos no se forman a partir de material procedente del manto terrestre, sino de material fundido de la corteza inferior de la Tierra.<br \/>\nLa formaci\u00f3n de las c\u00e1maras magm\u00e1ticas puede durar entre 10 y 15 millones de a\u00f1os.              <\/p>\n","protected":false},"excerpt":{"rendered":"<p>Polvo de piedra de granito micronizado con calcio. <em>Hasta fin de existencias<\/em><strong>Finura:<\/strong> Di\u00e1metro medio inferior a 6 \u03bcm.<br \/>\nEs decir, extremadamente fino.<br \/>\nProducido mediante un complejo proceso de molienda por v\u00f3rtice de aire que no libera sustancias extra\u00f1as.<br \/>\n1 g de polvo tiene una superficie de 120 m\u00b3 | Valor pH; 10,2 Ideal para fortalecer las plantas.<br \/>\nPU: saco de 25 kg    <\/p>\n","protected":false},"featured_media":17245,"comment_status":"open","ping_status":"closed","template":"","meta":{"_seopress_robots_primary_cat":"none","_seopress_titles_title":"","_seopress_titles_desc":"","_seopress_robots_index":"","_kad_blocks_custom_css":"","_kad_blocks_head_custom_js":"","_kad_blocks_body_custom_js":"","_kad_blocks_footer_custom_js":"","_kad_post_transparent":"","_kad_post_title":"","_kad_post_layout":"","_kad_post_sidebar_id":"","_kad_post_content_style":"","_kad_post_vertical_padding":"","_kad_post_feature":"","_kad_post_feature_position":"","_kad_post_header":false,"_kad_post_footer":false,"_kad_post_classname":""},"product_brand":[],"product_cat":[411,336,361,412,413,362,363,414,364],"product_tag":[415,416],"product_brands":[],"class_list":{"0":"post-15257","1":"product","2":"type-product","3":"status-publish","4":"has-post-thumbnail","6":"product_cat-agricultura-ecologica","7":"product_cat-cria-de-animales","8":"product_cat-cultivo-en-el-campo","9":"product_cat-fertilizacion-foliar","10":"product_cat-fortalecimiento-de-las-plantas","11":"product_cat-fruta-y-viticultura","12":"product_cat-horticultura","13":"product_cat-lodos","14":"product_cat-riego","15":"product_tag-harina-de-roca","16":"product_tag-polvo","18":"first","19":"instock","20":"sale","21":"taxable","22":"shipping-taxable","23":"purchasable","24":"product-type-variable","25":"entry","26":"content-bg","27":"loop-entry"},"taxonomy_info":{"product_cat":[{"value":411,"label":"Agricultura ecol\u00f3gica"},{"value":336,"label":"Cr\u00eda de animales"},{"value":361,"label":"Cultivo en el campo"},{"value":412,"label":"Fertilizaci\u00f3n foliar"},{"value":413,"label":"Fortalecimiento de las plantas"},{"value":362,"label":"Fruta - y Viticultura"},{"value":363,"label":"Horticultura"},{"value":414,"label":"Lodos"},{"value":364,"label":"Riego"}],"product_tag":[{"value":415,"label":"Harina de roca"},{"value":416,"label":"Polvo"}]},"featured_image_src_large":["https:\/\/aquadea-natur.de\/wp-content\/uploads\/2024\/05\/Gesteinsmehl-gletscher-granit-2kl-eimer-DSC_7199-1024x1019.jpg",1024,1019,true],"author_info":[],"comment_info":0,"_links":{"self":[{"href":"https:\/\/aquadea-natur.de\/es\/wp-json\/wp\/v2\/product\/15257","targetHints":{"allow":["GET"]}}],"collection":[{"href":"https:\/\/aquadea-natur.de\/es\/wp-json\/wp\/v2\/product"}],"about":[{"href":"https:\/\/aquadea-natur.de\/es\/wp-json\/wp\/v2\/types\/product"}],"replies":[{"embeddable":true,"href":"https:\/\/aquadea-natur.de\/es\/wp-json\/wp\/v2\/comments?post=15257"}],"wp:featuredmedia":[{"embeddable":true,"href":"https:\/\/aquadea-natur.de\/es\/wp-json\/wp\/v2\/media\/17245"}],"wp:attachment":[{"href":"https:\/\/aquadea-natur.de\/es\/wp-json\/wp\/v2\/media?parent=15257"}],"wp:term":[{"taxonomy":"product_brand","embeddable":true,"href":"https:\/\/aquadea-natur.de\/es\/wp-json\/wp\/v2\/product_brand?post=15257"},{"taxonomy":"product_cat","embeddable":true,"href":"https:\/\/aquadea-natur.de\/es\/wp-json\/wp\/v2\/product_cat?post=15257"},{"taxonomy":"product_tag","embeddable":true,"href":"https:\/\/aquadea-natur.de\/es\/wp-json\/wp\/v2\/product_tag?post=15257"},{"taxonomy":"product_brands","embeddable":true,"href":"https:\/\/aquadea-natur.de\/es\/wp-json\/wp\/v2\/product_brands?post=15257"}],"curies":[{"name":"wp","href":"https:\/\/api.w.org\/{rel}","templated":true}]}}